{"id":3,"date":"2022-10-03T11:13:47","date_gmt":"2022-10-03T11:13:47","guid":{"rendered":"https:\/\/agrokp.com\/?page_id=3"},"modified":"2022-10-04T09:49:10","modified_gmt":"2022-10-04T09:49:10","slug":"privacy-policy","status":"publish","type":"page","link":"https:\/\/agrokp.com\/de\/privacy-policy\/","title":{"rendered":"Datenschutzbestimmungen"},"content":{"rendered":"<p><strong>Informationen \u00fcber den f\u00fcr die Datenverarbeitung Verantwortlichen:<\/strong><\/p>\n\n\n\n<p><strong><strong>&#8220;\u0410\u0413\u0420\u041e-\u041a.\u041f.&#8221; \u0415\u041e\u041e\u0414<\/strong>\u00a0<\/strong>ist eine nach dem Handelsrecht der Republik Bulgarien eingetragene Gesellschaft, mit UIN: 106570467, mit Sitz und Verwaltungsanschrift in BULGARIEN, Gradeshnitsa, PLZ 3074\nMILIN KAMAK-Str. 4.<br>MILIN KAMAK-Str. 4.<\/p>\n\n\n\n<p><strong>Gr\u00fcnde und Zwecke, f\u00fcr die wir Ihre personenbezogenen Daten verwenden<\/strong><\/p>\n\n\n\n<p>Wir verarbeiten Ihre personenbezogenen Daten aus den folgenden Gr\u00fcnden:<\/p>\n\n\n\n<ul class=\"wp-block-list\"><li>Ein Vertrag zwischen uns und Ihnen zum Zwecke der Erf\u00fcllung unserer Verpflichtungen aus diesem Vertrag;<\/li><li>Ausdr\u00fcckliche Zustimmung Ihrerseits - der Zweck wird von Fall zu Fall angegeben;<\/li><li>Eine gesetzliche Verpflichtung.<\/li><\/ul>\n\n\n\n<p>In den folgenden Abschnitten finden Sie detaillierte Informationen \u00fcber die Verarbeitung Ihrer personenbezogenen Daten je nach der Rechtsgrundlage, auf der wir sie verarbeiten.<\/p>\n\n\n\n<p><strong>ERF\u00dcLLUNG EINES VERTRAGS ODER IM RAHMEN EINES VORVERTRAGLICHEN VERH\u00c4LTNISSES<\/strong><\/p>\n\n\n\n<p>Wir verarbeiten Ihre personenbezogenen Daten, um unsere vertraglichen und vorvertraglichen Verpflichtungen zu erf\u00fcllen und unsere Rechte aus den mit Ihnen geschlossenen Vertr\u00e4gen auszu\u00fcben.<\/p>\n\n\n\n<p><strong>Zwecke der Verarbeitung:<\/strong><\/p>\n\n\n\n<ul class=\"wp-block-list\"><li>Identifizierung;<\/li><li>Verwaltung und Ausf\u00fchrung Ihrer Anfrage und Ausf\u00fchrung eines abgeschlossenen Vertrages;<\/li><li>Ausarbeitung eines Vorschlags zum Abschluss eines Vertrages;<\/li><li>Erstellen und Versenden einer Rechnung f\u00fcr die von Ihnen bei uns in Anspruch genommenen Leistungen;<\/li><li>Bereitstellung der umfassenden Dienstleistungen, die Sie ben\u00f6tigen, sowie Einziehung der f\u00fcr die in Anspruch genommenen Dienstleistungen geschuldeten Betr\u00e4ge;<\/li><li>F\u00fchrung der Korrespondenz im Zusammenhang mit aufgegebenen Bestellungen, Bearbeitung von Anfragen, Meldung von Problemen usw.<\/li><li>Benachrichtigung \u00fcber alles, was mit den Diensten zusammenh\u00e4ngt, die Sie bei uns nutzen;<\/li><li>Illegale Handlungen, die gegen unsere Nutzungsbedingungen versto\u00dfen, erkennen und\/oder verhindern;<\/li><\/ul>\n\n\n\n<p><strong>Daten, die wir auf dieser Grundlage verarbeiten:<\/strong><\/p>\n\n\n\n<p>Auf der Grundlage des zwischen uns und Ihnen geschlossenen Vertrages verarbeiten wir Informationen \u00fcber die Art und den Inhalt des Vertragsverh\u00e4ltnisses sowie sonstige Informationen, die im Zusammenhang mit dem Vertragsverh\u00e4ltnis stehen, unter anderem:<\/p>\n\n\n\n<ul class=\"wp-block-list\"><li>Angaben zur Person - E-Mail Adresse,&nbsp;<\/li><li>Identifikationsdaten - zwei Namen, Lieferadresse, E-Mail-Adresse;<strong>&nbsp;\u2013&nbsp;<\/strong>\u0434\u0432\u0435 \u0438\u043c\u0435\u043d\u0430, \u0430\u0434\u0440\u0435\u0441 \u0437\u0430 \u0434\u043e\u0441\u0442\u0430\u0432\u043a\u0430, \u0435\u043b\u0435\u043a\u0442\u0440\u043e\u043d\u043d\u0430 \u043f\u043e\u0449\u0430;<\/li><li>Andere R\u00fcckmeldungen, die wir von Ihnen erhalten;<\/li><li>Informationen aus Ihren Aktionen auf unserer Website.<\/li><\/ul>\n\n\n\n<p>Die Verarbeitung der oben genannten personenbezogenen Daten ist f\u00fcr uns zwingend erforderlich, um den Vertrag mit Ihnen abschlie\u00dfen und erf\u00fcllen zu k\u00f6nnen. Ohne die Bereitstellung der oben genannten Daten k\u00f6nnten wir unsere vertraglichen Verpflichtungen nicht erf\u00fcllen.<\/p>\n\n\n\n<p><strong>Wir geben personenbezogene Daten an Dritte weiter<\/strong><\/p>\n\n\n\n<p>Wir geben Ihre pers\u00f6nlichen Daten an Dritte weiter, da unser Hauptziel darin besteht, Ihnen einen hochwertigen, schnellen und umfassenden Service zu bieten. Wir geben Ihre personenbezogenen Daten erst dann an Dritte weiter, wenn wir uns vergewissert haben, dass alle technischen und organisatorischen Ma\u00dfnahmen zum Schutz dieser Daten getroffen wurden, und wir bem\u00fchen uns, strenge Kontrollen durchzuf\u00fchren, um diesen Zweck zu erf\u00fcllen. In diesem Fall bleiben wir f\u00fcr die Vertraulichkeit und Sicherheit Ihrer Daten verantwortlich.<\/p>\n\n\n\n<p>Wir geben personenbezogene Daten an die folgenden Kategorien von Empf\u00e4ngern weiter (Datenverantwortliche):<\/p>\n\n\n\n<ul class=\"wp-block-list\"><li>Postunternehmen und Kurierdienste;<\/li><li>Personen, die im Rahmen eines Vertrags die Wartung von Ger\u00e4ten, Software und Hardware \u00fcbernehmen, die f\u00fcr die Verarbeitung personenbezogener Daten verwendet werden und f\u00fcr die T\u00e4tigkeit des Unternehmens erforderlich sind<\/li><li>Personen, die Beratungsdienste in verschiedenen Bereichen anbieten.<\/li><\/ul>\n\n\n\n<p><strong>Wenn wir auf dieser Grundlage erhobene personenbezogene Daten l\u00f6schen?<\/strong><\/p>\n\n\n\n<p>Wir l\u00f6schen die auf dieser Grundlage erhobenen Daten 5 Jahre nach Beendigung des Vertragsverh\u00e4ltnisses, sei es durch Ablauf des Vertrages, K\u00fcndigung oder aus anderen Gr\u00fcnden. &nbsp;<\/p>\n\n\n\n<p><strong>EINHALTUNG DER GESETZLICHEN VERPFLICHTUNGEN<\/strong><\/p>\n\n\n\n<p>Es kann eine gesetzliche Verpflichtung f\u00fcr uns bestehen, Ihre personenbezogenen Daten zu verarbeiten. In diesen F\u00e4llen sind wir verpflichtet, die Verarbeitung vorzunehmen, z. B:<\/p>\n\n\n\n<ul class=\"wp-block-list\"><li>Pflichten nach dem Geldw\u00e4schegesetz;<\/li><li>Erf\u00fcllung der im Verbraucherschutzgesetz vorgesehenen Pflichten im Zusammenhang mit Fernverk\u00e4ufen und Verk\u00e4ufen au\u00dferhalb von Gesch\u00e4ftsr\u00e4umen;<\/li><li>Bereitstellung von Informationen an die Verbraucherschutzkommission oder im Verbraucherschutzgesetz vorgesehene Dritte;<\/li><li>Bereitstellung von Informationen an die Kommission zum Schutz personenbezogener Daten in Bezug auf die im normativen Rahmen zum Schutz personenbezogener Daten vorgesehenen Pflichten;<\/li><li>Pflichten aus dem Rechnungslegungsgesetz und der Steuer- und Versicherungsprozessordnung sowie anderen damit zusammenh\u00e4ngenden Rechtsakten im Zusammenhang mit der F\u00fchrung der gesetzlichen Buchf\u00fchrung;<\/li><li>Bereitstellung von Informationen an das Gericht und Dritte im Rahmen eines Verfahrens vor einem Gericht gem\u00e4\u00df den Anforderungen der f\u00fcr das Verfahren geltenden Rechtsakte;<\/li><\/ul>\n\n\n\n<p><strong>Wenn wir auf dieser Grundlage erhobene personenbezogene Daten l\u00f6schen?<\/strong><\/p>\n\n\n\n<p>Wir l\u00f6schen Daten, die aufgrund einer gesetzlichen Verpflichtung erhoben wurden, sobald die Verpflichtung zur Erhebung und Speicherung erf\u00fcllt oder entfallen ist. Zum Beispiel:<\/p>\n\n\n\n<ul class=\"wp-block-list\"><li>Nach dem Gesetz \u00fcber die Buchhaltung f\u00fcr die Speicherung und Verarbeitung von Buchhaltungsdaten (11 Jahre),<\/li><li>Verpflichtungen zur Bereitstellung von Informationen an das Gericht, die zust\u00e4ndigen staatlichen Beh\u00f6rden und andere Gr\u00fcnde, die in den geltenden Rechtsvorschriften (5 Jahre).<\/li><\/ul>\n\n\n\n<p><strong>Weitergabe von Daten an Dritte<\/strong><\/p>\n\n\n\n<p>Wenn wir gesetzlich dazu verpflichtet sind, k\u00f6nnen wir Ihre personenbezogenen Daten an die zust\u00e4ndige Beh\u00f6rde, nat\u00fcrliche oder juristische Person weitergeben.<\/p>\n\n\n\n<p><strong>MIT IHRER ZUSTIMMUNG<\/strong><\/p>\n\n\n\n<p>Wir verarbeiten Ihre personenbezogenen Daten auf dieser Grundlage nur nach Ihrer ausdr\u00fccklichen, eindeutigen und freiwilligen Zustimmung. Wir sehen keine nachteiligen Folgen f\u00fcr Sie vor, wenn Sie die Verarbeitung personenbezogener Daten ablehnen.<\/p>\n\n\n\n<p>Die Zustimmung ist eine gesonderte Grundlage f\u00fcr die Verarbeitung Ihrer personenbezogenen Daten, und der Zweck der Verarbeitung ist darin festgelegt und wird nicht durch die in dieser Richtlinie aufgef\u00fchrten Zwecke abgedeckt. Wenn Sie uns die entsprechende Zustimmung erteilen und bis Sie diese widerrufen oder eine vertragliche Beziehung mit Ihnen beenden, erstellen wir anhand detaillierter Analysen Ihrer personenbezogenen Basisdaten f\u00fcr Sie geeignete Produkt-\/Dienstleistungsangebote;<\/p>\n\n\n\n<p>Die Detailanalyse ist eine Analysemethode, die es erm\u00f6glicht, gro\u00dfe Datenmengen mit Hilfe von statistischen Modellen und Algorithmen und anderen Verfahren zu verarbeiten, die die Verwendung personenbezogener Daten sowie Verfahren zur Pseudonymisierung und Anonymisierung derselben beinhalten, um Informationen \u00fcber Trends und verschiedene statistische Indikatoren zu gewinnen.<\/p>\n\n\n\n<p><strong>Daten, die wir auf dieser Grundlage verarbeiten:<\/strong><\/p>\n\n\n\n<p>Auf dieser Grundlage verarbeiten wir nur die Daten, f\u00fcr die Sie uns Ihre ausdr\u00fcckliche Zustimmung erteilt haben. Die konkreten Daten werden von Fall zu Fall festgelegt. Typischerweise umfassen die Daten:<\/p>\n\n\n\n<ul class=\"wp-block-list\"><li>E-Mail-Adresse<\/li><li>Namen&nbsp;<\/li><li>IP-Adresse<\/li><\/ul>\n\n\n\n<p><strong>Weitergabe von Daten an Dritte<\/strong><\/p>\n\n\n\n<p>Auf dieser Grundlage k\u00f6nnen wir Ihre Daten an Marketing-Agenturen, Facebook, Google oder \u00e4hnliche Einrichtungen weitergeben.<\/p>\n\n\n\n<p><strong>Widerruf der Zustimmung<\/strong><\/p>\n\n\n\n<p>Erteilte Zustimmungen k\u00f6nnen jederzeit widerrufen werden. Der Widerruf der Zustimmung hat keine Auswirkungen auf die Erf\u00fcllung der vertraglichen Verpflichtungen. Wenn Sie Ihre Zustimmung zur Verarbeitung personenbezogener Daten f\u00fcr einen oder alle der oben beschriebenen Zwecke zur\u00fcckziehen, werden wir Ihre personenbezogenen Daten und Informationen nicht f\u00fcr die oben genannten Zwecke verwenden. Der Widerruf der Zustimmung ber\u00fchrt nicht die Rechtm\u00e4\u00dfigkeit der Verarbeitung aufgrund der Zustimmung vor deren Widerruf.<\/p>\n\n\n\n<p>Um Ihre Zustimmung zu widerrufen, brauchen Sie nur unsere Website oder unsere Kontaktdaten zu benutzen.<\/p>\n\n\n\n<p><strong>Wenn wir auf dieser Grundlage erhobene personenbezogene Daten l\u00f6schen?<\/strong><\/p>\n\n\n\n<p>Wir l\u00f6schen die auf dieser Grundlage gesammelten Daten auf Ihren Wunsch hin oder 6 Monate nach ihrer urspr\u00fcnglichen Erfassung.<\/p>\n\n\n\n<p><strong>VERARBEITUNG VON ANONYMISIERTEN DATEN<\/strong><\/p>\n\n\n\n<p>Wir verarbeiten Ihre Daten zu statischen Zwecken, d.h. f\u00fcr Analysen, bei denen die Ergebnisse nur aggregiert werden und die Daten daher anonym sind. Es ist unm\u00f6glich, anhand dieser Informationen eine bestimmte Person zu identifizieren.<\/p>\n\n\n\n<p>Ihre personenbezogenen Daten k\u00f6nnen auch anonymisiert werden. Anonymisierung ist eine Alternative zur Datenl\u00f6schung. Bei der Anonymisierung werden alle pers\u00f6nlich identifizierbaren Elemente\/Elemente, die Ihre Identifizierung erm\u00f6glichen\/ unwiderruflich gel\u00f6scht. F\u00fcr anonymisierte Daten besteht keine gesetzliche Verpflichtung zur L\u00f6schung, da es sich nicht um personenbezogene Daten handelt.<\/p>\n\n\n\n<p><strong>Warum und wie wir automatisierte Algorithmen verwenden?<\/strong><\/p>\n\n\n\n<p>F\u00fcr die Verarbeitung Ihrer personenbezogenen Daten nutzen wir teilautomatisierte Algorithmen und Methoden, um unsere Produkte und Dienstleistungen stetig zu verbessern und unsere Produkte und Dienstleistungen bestm\u00f6glich an Ihre Bed\u00fcrfnisse anzupassen. Dieser Vorgang wird Profiling genannt.<\/p>\n\n\n\n<p><strong>Wie wir Ihre personenbezogenen Daten sch\u00fctzen?<\/strong><\/p>\n\n\n\n<p>Um einen angemessenen Datenschutz des Unternehmens und seiner Kunden zu gew\u00e4hrleisten, ergreifen wir alle erforderlichen organisatorischen und technischen Ma\u00dfnahmen, die im Gesetz zum Schutz personenbezogener Daten vorgesehen sind.<\/p>\n\n\n\n<p>Das Unternehmen hat Richtlinien zur Verhinderung von Missbrauch und Sicherheitsverletzungen festgelegt.<\/p>\n\n\n\n<p>Zum Zwecke einer gr\u00f6\u00dftm\u00f6glichen Sicherheit bei der Verarbeitung, \u00dcbertragung und Speicherung Ihrer Daten setzen wir ggf. zus\u00e4tzliche Schutzmechanismen wie Verschl\u00fcsselung, Pseudonymisierung etc. ein.<\/p>\n\n\n\n<p><strong>Personenbezogene Daten, die wir von Dritten erhalten haben<\/strong><\/p>\n\n\n\n<p>Wir k\u00f6nnen von unseren anderen Nutzern personenbezogene Daten \u00fcber Sie erhalten.<\/p>\n\n\n\n<p><strong>Rechte der Benutzer<\/strong><\/p>\n\n\n\n<p>Jeder Benutzer der Website genie\u00dft alle Rechte zum Schutz personenbezogener Daten gem\u00e4\u00df der bulgarischen Gesetzgebung und dem Recht der Europ\u00e4ischen Union.&nbsp;<\/p>\n\n\n\n<p>Der Nutzer kann seine Rechte \u00fcber das Kontaktformular oder durch eine Nachricht an unsere E-Mail-Adresse aus\u00fcben.&nbsp;<\/p>\n\n\n\n<p><strong>Jeder Benutzer hat das Recht:<\/strong><\/p>\n\n\n\n<ul class=\"wp-block-list\"><li>Informationen (im Zusammenhang mit der Verarbeitung seiner personenbezogenen Daten durch den Administrator);<\/li><li>Zugriff auf Ihre personenbezogene Daten;<\/li><li>Korrektur (falls Daten ungenau sind);<\/li><li>L\u00f6schung personenbezogener Daten (Recht auf Vergessenwerden);<\/li><li>Einschr\u00e4nkung der Verarbeitung durch den Administrator oder den Verarbeiter personenbezogener Daten;<\/li><li>Portabilit\u00e4t personenbezogener Daten zwischen einzelnen Administratoren;<\/li><li>Widerspruch gegen die Verarbeitung seiner personenbezogenen Daten;<\/li><li>Die betroffene Person hat au\u00dferdem das Recht, nicht einer ausschlie\u00dflich auf einer automatisierten Verarbeitung \u2013 einschlie\u00dflich Profiling \u2013 beruhenden Entscheidung unterworfen zu werden, die f\u00fcr die betroffene Person rechtliche Konsequenzen nach sich zieht oder sie in \u00e4hnlicher Weise erheblich beeintr\u00e4chtigt;<\/li><li>Recht auf gerichtlichen oder beh\u00f6rdlichen Schutz im Falle einer Verletzung der Rechte der betroffenen Person.<\/li><\/ul>\n\n\n\n<p><strong>Der Nutzer kann die L\u00f6schung beantragen, wenn eine der folgenden Bedingungen vorliegt:<\/strong><\/p>\n\n\n\n<ul class=\"wp-block-list\"><li>Die personenbezogenen Daten sind f\u00fcr die Zwecke, f\u00fcr die sie erhoben oder auf sonstige Weise verarbeitet wurden, nicht mehr notwendig;<\/li><li>Der Nutzer widerruft seine Zustimmung zur Datenverarbeitung und es fehlt an einer anderweitigen Rechtsgrundlage f\u00fcr die Verarbeitung;<\/li><li>Der Datennutzer legt Widerspruch gegen die Verarbeitung ein und es liegen keine vorrangigen rechtlichen Gr\u00fcnde f\u00fcr die Verarbeitung vor;<\/li><li>Personenbezogene Daten wurden unrechtm\u00e4\u00dfig verarbeitet;<\/li><li>Die L\u00f6schung der personenbezogenen Daten ist zur Erf\u00fcllung einer rechtlichen Verpflichtung nach dem Unionsrecht oder dem Recht eines Mitgliedstaats erforderlich, dem der Verantwortliche unterliegt;<\/li><li>Personenbezogene Daten wurden im Zusammenhang mit der Bereitstellung von Diensten der Informationsgesellschaft f\u00fcr Kinder erhoben und die Einwilligung der Person, die die elterliche Verantwortung f\u00fcr das Kind tr\u00e4gt, wurde erteilt.<\/li><\/ul>\n\n\n\n<p>Der Benutzer hat das Recht, die Verarbeitung seiner personenbezogenen Daten durch den Administrator einzuschr\u00e4nken, wenn:<\/p>\n\n\n\n<ul class=\"wp-block-list\"><li>Anfechtung der Richtigkeit personenbezogener Daten. In diesem Fall gilt die Einschr\u00e4nkung der Verarbeitung f\u00fcr einen Zeitraum, der es dem Administrator erm\u00f6glicht, die Richtigkeit der personenbezogenen Daten zu \u00fcberpr\u00fcfen;<\/li><li>Die Verarbeitung ist unrechtm\u00e4\u00dfig, der Benutzer w\u00fcnscht jedoch nicht die L\u00f6schung der personenbezogenen Daten, sondern verlangt stattdessen die Einschr\u00e4nkung ihrer Nutzung;<\/li><li>Der Administrator ben\u00f6tigt die personenbezogenen Daten f\u00fcr die Zwecke der Verarbeitung nicht mehr, der Nutzer ben\u00f6tigt sie jedoch zur Geltendmachung, Aus\u00fcbung oder Verteidigung von Rechtsanspr\u00fcchen;<\/li><li>Einspruch gegen die Verarbeitung bis zur Pr\u00fcfung, ob die berechtigten Gr\u00fcnde des Administrators Vorrang vor den Interessen des Benutzers haben.<\/li><\/ul>\n\n\n\n<p><strong>Recht auf Portabilit\u00e4t.<\/strong><\/p>\n\n\n\n<p>Die betroffene Person hat das Recht, die sie betreffenden personenbezogenen Daten, die sie einem Administrator bereitgestellt hat, in einem strukturierten, weit verbreiteten und maschinenlesbaren Format zu erhalten und hat das Recht, diese Daten ohne Behinderung durch den Administrator an einen anderen Administrator zu \u00fcbermitteln Die Bereitstellung personenbezogener Daten erfolgt, wenn die Verarbeitung auf einer Zustimmung oder einer vertraglichen Verpflichtung beruht und die Verarbeitung automatisiert erfolgt. Bei der Aus\u00fcbung des Rechts auf Daten\u00fcbertragbarkeit hat die betroffene Person das Recht, eine direkte \u00dcbertragung der personenbezogenen Daten von einem Verantwortlichen an einen anderen zu verlangen, sofern dies technisch machbar ist<\/p>\n\n\n\n<p><strong>Widerspruchsrecht.<\/strong><\/p>\n\n\n\n<p>Benutzer haben das Recht, beim Administrator Widerspruch gegen die Verarbeitung ihrer personenbezogenen Daten einzulegen. Der Administrator personenbezogener Daten ist verpflichtet, die Verarbeitung zu beenden, es sei denn, er weist nach, dass zwingende rechtliche Gr\u00fcnde f\u00fcr die Verarbeitung vorliegen, die Vorrang vor den Interessen, Rechten und Freiheiten der betroffenen Person haben, oder die Verarbeitung der Geltendmachung, Aus\u00fcbung oder Verteidigung von Rechtsanspr\u00fcchen dient . Im Falle eines Widerspruchs gegen die Verarbeitung personenbezogener Daten zum Zwecke des Direktmarketings ist die Verarbeitung unverz\u00fcglich einzustellen.<\/p>\n\n\n\n<p><strong>Beschwerde bei der Aufsichtsbeh\u00f6rde<\/strong><\/p>\n\n\n\n<p>Jeder Benutzer hat das Recht, eine Beschwerde gegen die rechtswidrige Verarbeitung seiner personenbezogenen Daten bei der Kommission f\u00fcr den Schutz personenbezogener Daten oder beim zust\u00e4ndigen Gericht einzureichen.<\/p>\n\n\n\n<p><strong>F\u00fchrung eines Registers<\/strong><\/p>\n\n\n\n<p>Wir f\u00fchren ein Register der Verarbeitungst\u00e4tigkeiten, f\u00fcr die wir verantwortlich sind. Dieses Register enth\u00e4lt alle folgenden Informationen:<\/p>\n\n\n\n<ul class=\"wp-block-list\"><li>Der Name und die Kontaktdaten des Administrators;<\/li><li>Zwecke der Verarbeitung;<\/li><li>Beschreibung der Kategorien betroffener Personen und Kategorien personenbezogener Daten;<\/li><li>Die Kategorien von Empf\u00e4ngern, gegen\u00fcber denen die personenbezogenen Daten offengelegt werden oder werden<\/li><li>\u0415inschlie\u00dflich Empf\u00e4ngern in Drittl\u00e4ndern oder internationalen Organisationen;<\/li><li>Sofern m\u00f6glich, die Fristen f\u00fcr die L\u00f6schung der verschiedenen Datenkategorien;<\/li><li>Sofern m\u00f6glich, eine allgemeine Beschreibung der technischen und organisatorischen Sicherheitsma\u00dfnahmen.<\/li><\/ul>\n\n\n\n<p><strong>\u041d\u0430\u0441\u0442\u043e\u044f\u0449\u0430\u0442\u0430 \u041f\u043e\u043b\u0438\u0442\u0438\u043a\u0430 \u0437\u0430 \u0437\u0430\u0449\u0438\u0442\u0430 \u043d\u0430 \u043b\u0438\u0447\u043d\u0438\u0442\u0435 \u0434\u0430\u043d\u043d\u0438 \u0435 \u043f\u0440\u0438\u0435\u0442\u0430 \u0438 \u0443\u0442\u0432\u044a\u0440\u0434\u0435\u043d\u0430 \u043d\u0430 04.10.2022 \u0433. \u043e\u0442 \u00a0&#8220;\u0410\u0413\u0420\u041e-\u041a.\u041f.&#8221; \u0415\u041e\u041e\u0414<\/strong><\/p>","protected":false},"excerpt":{"rendered":"<p>\u0418\u043d\u0444\u043e\u0440\u043c\u0430\u0446\u0438\u044f \u0437\u0430 \u0410\u0434\u043c\u0438\u043d\u0438\u0441\u0442\u0440\u0430\u0442\u043e\u0440\u0430 \u043d\u0430 \u043b\u0438\u0447\u043d\u0438 \u0434\u0430\u043d\u043d\u0438: &#8220;\u0410\u0413\u0420\u041e-\u041a.\u041f.&#8221; \u0415\u041e\u041e\u0414\u00a0e \u0434\u0440\u0443\u0436\u0435\u0441\u0442\u0432\u043e, \u0440\u0435\u0433\u0438\u0441\u0442\u0440\u0438\u0440\u0430\u043d\u043e \u043f\u043e \u0422\u044a\u0440\u0433\u043e\u0432\u0441\u043a\u0438\u044f \u0437\u0430\u043a\u043e\u043d \u043d\u0430 \u0420\u0435\u043f\u0443\u0431\u043b\u0438\u043a\u0430 \u0411\u044a\u043b\u0433\u0430\u0440\u0438\u044f, \u0441 \u0415\u0418\u041a: 106570467, \u0441\u044a\u0441 \u0441\u0435\u0434\u0430\u043b\u0438\u0449\u0435 \u0438 \u0430\u0434\u0440\u0435\u0441 \u043d\u0430 \u0443\u043f\u0440\u0430\u0432\u043b\u0435\u043d\u0438\u0435 \u0432 \u0411\u042a\u041b\u0413\u0410\u0420\u0418\u042f,\u0413\u0440\u0430\u0434\u0435\u0448\u043d\u0438\u0446\u0430, \u043f.\u043a. 3074\u0443\u043b. \u041c\u0418\u041b\u0418\u041d [&hellip;]<\/p>","protected":false},"author":1,"featured_media":0,"parent":0,"menu_order":0,"comment_status":"closed","ping_status":"open","template":"","meta":{"footnotes":""},"class_list":["post-3","page","type-page","status-publish","hentry"],"_links":{"self":[{"href":"https:\/\/agrokp.com\/de\/wp-json\/wp\/v2\/pages\/3","targetHints":{"allow":["GET"]}}],"collection":[{"href":"https:\/\/agrokp.com\/de\/wp-json\/wp\/v2\/pages"}],"about":[{"href":"https:\/\/agrokp.com\/de\/wp-json\/wp\/v2\/types\/page"}],"author":[{"embeddable":true,"href":"https:\/\/agrokp.com\/de\/wp-json\/wp\/v2\/users\/1"}],"replies":[{"embeddable":true,"href":"https:\/\/agrokp.com\/de\/wp-json\/wp\/v2\/comments?post=3"}],"version-history":[{"count":1,"href":"https:\/\/agrokp.com\/de\/wp-json\/wp\/v2\/pages\/3\/revisions"}],"predecessor-version":[{"id":1560,"href":"https:\/\/agrokp.com\/de\/wp-json\/wp\/v2\/pages\/3\/revisions\/1560"}],"wp:attachment":[{"href":"https:\/\/agrokp.com\/de\/wp-json\/wp\/v2\/media?parent=3"}],"curies":[{"name":"wp","href":"https:\/\/api.w.org\/{rel}","templated":true}]}}